{"id":3298,"date":"2015-07-02T12:04:11","date_gmt":"2015-07-02T12:04:11","guid":{"rendered":"http:\/\/hsef.se.preview.citynetwork.se\/?page_id=3298"},"modified":"2015-08-31T08:18:15","modified_gmt":"2015-08-31T08:18:15","slug":"public-transport-culture-and-nature","status":"publish","type":"page","link":"https:\/\/www.hsef.se\/en\/hammarby-sjostad\/public-transport-culture-and-nature\/","title":{"rendered":"Public Transport, Culture and Nature"},"content":{"rendered":"<div class=\"flex_column av_one_half  flex_column_div av-zero-column-padding first  avia-builder-el-0  el_before_av_one_half  avia-builder-el-first  \" style='border-radius:0px; '><div  class='avia-image-container  av-styling-    avia-builder-el-1  avia-builder-el-no-sibling  avia-align-center '  itemprop=\"image\" itemscope=\"itemscope\" itemtype=\"https:\/\/schema.org\/ImageObject\"  ><div class='avia-image-container-inner'><div class='avia-image-overlay-wrap'><img decoding=\"async\" class='wp-image-5215 avia-img-lazy-loading-not-5215 avia_image' src=\"https:\/\/www.hsef.se\/wp-content\/uploads\/2015\/08\/DSCF2138-495x400.jpg\" alt='' title='DSCF2138' height=\"400\" width=\"495\"  itemprop=\"thumbnailUrl\" srcset=\"https:\/\/www.hsef.se\/wp-content\/uploads\/2015\/08\/DSCF2138-495x400.jpg 495w, https:\/\/www.hsef.se\/wp-content\/uploads\/2015\/08\/DSCF2138-845x684.jpg 845w\" sizes=\"(max-width: 495px) 100vw, 495px\" \/><\/div><\/div><\/div><\/div><div class=\"flex_column av_one_half  flex_column_div av-zero-column-padding   avia-builder-el-2  el_after_av_one_half  el_before_av_hr  \" style='border-radius:0px; '><p><div  style='padding-bottom:10px; ' class='av-special-heading av-special-heading-h3    avia-builder-el-3  el_before_av_textblock  avia-builder-el-first  '><h3 class='av-special-heading-tag '  itemprop=\"headline\"  >Public Transport, Culture and Nature<\/h3><div class='special-heading-border'><div class='special-heading-inner-border' ><\/div><\/div><\/div><br \/>\n<section class=\"av_textblock_section \"  itemscope=\"itemscope\" itemtype=\"https:\/\/schema.org\/CreativeWork\" ><div class='avia_textblock  '   itemprop=\"text\" ><p><em>Substantial investments have been made in public transport as part of the ambition to create an eco-friendly city district. The goal is for 80% of residents\u2019 and employees\u2019 journeys to be made by public transport, by cycling, or on foot. The eco-friendly adaptation has also resulted in substantial investments in green spaces, walkways, several large parks, a reed park with wooden jetties, etc.<\/em><\/p>\n<\/div><\/section><br \/>\n<section class=\"av_textblock_section \"  itemscope=\"itemscope\" itemtype=\"https:\/\/schema.org\/CreativeWork\" ><div class='avia_textblock  '   itemprop=\"text\" ><p><strong>Light railway, ferry and carpool<\/strong><\/p>\n<p>The \u201cTv\u00e4rbanan\u201d light railway runs through the centre of Hammarby Sj\u00f6stad, along the avenue, and carefully designed bus routes provide direct access into Stockholm City. A ferry traffics Hammarby Sj\u00f6 throughout the year, from early in the morning until midnight, with an additional ferry operating between Hammarby Sj\u00f6stad and Nybroviken in Stockholm City during the summer months. Residents and those working in the area also have access to three car pools. Around 910 people have currently joined the car pool, which has a total of 46 cars at its disposal. Electric cars can be recharged outside the GlashusEtt information centre building.<\/p>\n<p>A new traffic link, S\u00f6dra L\u00e4nken, has been adapted in line with the town\u2019s environmental requirements, and is a sunken road crossed by two \u201cecoducts\u201d, leading to Hammarbybacken and the Nacka nature reserve.<\/p>\n<\/div><\/section><br \/>\n<section class=\"av_textblock_section \"  itemscope=\"itemscope\" itemtype=\"https:\/\/schema.org\/CreativeWork\" ><div class='avia_textblock  '   itemprop=\"text\" ><p><strong>Services in Hammarby Sj\u00f6stad<\/strong><\/p>\n<p>The town has pre-schools and compulsory level schools, a retirement home alongside Sickla Kanal, and health care facilities located in the centre of the district. Commercial services have gradually been expanded and the area now offers not only supermarkets but a fairly wide range of other commercial outlets.<\/p>\n<\/div><\/section><br \/>\n<section class=\"av_textblock_section \"  itemscope=\"itemscope\" itemtype=\"https:\/\/schema.org\/CreativeWork\" ><div class='avia_textblock  '   itemprop=\"text\" ><p><strong>Leisure and culture<\/strong><\/p>\n<p>Sickla Kanal has a quay with mooring space for 100 or so small boats, and a further 80 spaces are being built in the Henrikdalshamnen harbour. A sports hall, Sj\u00f6stadshallen, lies to the east of the oak-covered slope on Sickla Udde. The Nacka nature reserve, Nackareservatet, on the southern side of the S\u00f6dra L\u00e4nken traffic link, has paths for walking, jogging and skiing. In the summer months, Sickla sj\u00f6 offers wonderful swimming opportunities, while in the winter, the slalom slopes of Hammarbybacken are within walking distance.<\/p>\n<p>There is a library in Luma and a culture and theatre centre in Lugnet. Kulturama and Fryshuset offer both educational facilities and cultural activities aimed primarily at children and youngsters. Sofia parish conducts services in the Sj\u00f6stad chapel. The old Diesel factory, which now houses theatrical premises, a library, and puts on concerts and cultural workshops, is located nearby in the Sickla area.<\/p>\n<p>All new construction, whether it involves housing and commercial premises or the outdoor environment, is accessible by disabled persons, in accordance with the City\u2019s disability policy.<\/p>\n<\/div><\/section><\/p><\/div><\/p>\n<div   class='hr hr-default   avia-builder-el-8  el_after_av_one_half  el_before_av_one_full '><span class='hr-inner ' ><span class='hr-inner-style'><\/span><\/span><\/div>\n<div class=\"flex_column av_one_full  flex_column_div av-zero-column-padding first  avia-builder-el-9  el_after_av_hr  avia-builder-el-last  \" style='border-radius:0px; '><div   class='av_promobox  avia-button-yes   avia-builder-el-10  avia-builder-el-no-sibling '>\t\t<div class='avia-promocontent'><p>\nWelcome Stranger! If you want to know more, please contact us<\/p>\n<\/div><div  class='avia-button-wrap avia-button-right ' ><a href='https:\/\/www.hsef.se\/en\/contact\/'  class='avia-button  avia-color-theme-color   avia-icon_select-no avia-size-large avia-position-right '   ><span class='avia_iconbox_title' >Contact us<\/span><\/a><\/div><\/div><\/div>\n","protected":false},"excerpt":{"rendered":"","protected":false},"author":1,"featured_media":0,"parent":3289,"menu_order":0,"comment_status":"open","ping_status":"closed","template":"","meta":{"_bbp_topic_count":0,"_bbp_reply_count":0,"_bbp_total_topic_count":0,"_bbp_total_reply_count":0,"_bbp_voice_count":0,"_bbp_anonymous_reply_count":0,"_bbp_topic_count_hidden":0,"_bbp_reply_count_hidden":0,"_bbp_forum_subforum_count":0,"footnotes":""},"class_list":["post-3298","page","type-page","status-publish","hentry"],"_links":{"self":[{"href":"https:\/\/www.hsef.se\/en\/wp-json\/wp\/v2\/pages\/3298","targetHints":{"allow":["GET"]}}],"collection":[{"href":"https:\/\/www.hsef.se\/en\/wp-json\/wp\/v2\/pages"}],"about":[{"href":"https:\/\/www.hsef.se\/en\/wp-json\/wp\/v2\/types\/page"}],"author":[{"embeddable":true,"href":"https:\/\/www.hsef.se\/en\/wp-json\/wp\/v2\/users\/1"}],"replies":[{"embeddable":true,"href":"https:\/\/www.hsef.se\/en\/wp-json\/wp\/v2\/comments?post=3298"}],"version-history":[{"count":14,"href":"https:\/\/www.hsef.se\/en\/wp-json\/wp\/v2\/pages\/3298\/revisions"}],"predecessor-version":[{"id":4356,"href":"https:\/\/www.hsef.se\/en\/wp-json\/wp\/v2\/pages\/3298\/revisions\/4356"}],"up":[{"embeddable":true,"href":"https:\/\/www.hsef.se\/en\/wp-json\/wp\/v2\/pages\/3289"}],"wp:attachment":[{"href":"https:\/\/www.hsef.se\/en\/wp-json\/wp\/v2\/media?parent=3298"}],"curies":[{"name":"wp","href":"https:\/\/api.w.org\/{rel}","templated":true}]}}