{"id":1336,"date":"2013-04-07T21:13:52","date_gmt":"2013-04-07T21:13:52","guid":{"rendered":"http:\/\/www.kriesi.at\/themes\/enfold\/?page_id=1336"},"modified":"2015-08-25T12:20:51","modified_gmt":"2015-08-25T12:20:51","slug":"news","status":"publish","type":"page","link":"https:\/\/www.hsef.se\/en\/news\/","title":{"rendered":"News"},"content":{"rendered":"<div  class='av-alb-blogposts template-blog  '  itemscope=\"itemscope\" itemtype=\"https:\/\/schema.org\/Blog\" ><article class='post-entry post-entry-type-standard post-entry-5712 post-loop-1 post-parity-odd multi-big with-slider post-5712 post type-post status-publish format-standard has-post-thumbnail hentry category-frontpage-article category-news category-news-2-en tag-gemensamma-avtal tag-ramavtal-en tag-tv-en'  itemscope=\"itemscope\" itemtype=\"https:\/\/schema.org\/BlogPosting\" ><div class=\"big-preview multi-big\"  itemprop=\"image\" itemscope=\"itemscope\" itemtype=\"https:\/\/schema.org\/ImageObject\" ><a href=\"https:\/\/www.hsef.se\/en\/nytt-ramavtal-for-bredband-och-tv-2\/\"  title=\"IMG_20210504_125815\" ><img loading=\"lazy\" decoding=\"async\" width=\"845\" height=\"321\" src=\"https:\/\/www.hsef.se\/wp-content\/uploads\/2021\/05\/IMG_20210504_125815-1-845x321.jpg\" class=\"wp-image-5532 avia-img-lazy-loading-5532 attachment-entry_with_sidebar size-entry_with_sidebar wp-post-image\" alt=\"\" \/><\/a><\/div><div class='blog-meta'><a href='https:\/\/www.hsef.se\/en\/author\/admin\/' class='post-author-format-type'><span class='rounded-container'><img loading=\"lazy\" decoding=\"async\" alt='admin' src=\"https:\/\/www.hsef.se\/wp-content\/uploads\/avatars\/1\/f302dfc6adcbb0a714ad254e15ea9adf-bpfull.png\" srcset='https:\/\/www.hsef.se\/wp-content\/uploads\/avatars\/1\/f302dfc6adcbb0a714ad254e15ea9adf-bpfull.png 2x' class='avatar avatar-81 photo' height=\"81\" width=\"81\" \/><span class=\"iconfont\" aria-hidden='true' data-av_icon='\ue836' data-av_iconfont='entypo-fontello'><\/span><\/span><\/a><\/div><div class='entry-content-wrapper clearfix standard-content'><header class=\"entry-content-header\"><h2 class='post-title entry-title '  itemprop=\"headline\" >\t<a href='https:\/\/www.hsef.se\/en\/nytt-ramavtal-for-bredband-och-tv-2\/' rel='bookmark' title='Permanent Link: Nytt ramavtal f\u00f6r bredband och TV'>Nytt ramavtal f\u00f6r bredband och TV\t\t\t<span class='post-format-icon minor-meta'><\/span>\t<\/a><\/h2><span class='post-meta-infos'><time class='date-container minor-meta updated' >2023-10-31<\/time><span class='text-sep text-sep-date'>\/<\/span><span class='comment-container minor-meta'><a href=\"https:\/\/www.hsef.se\/en\/nytt-ramavtal-for-bredband-och-tv-2\/#respond\" class=\"comments-link\" >0 Comments<\/a><\/span><span class='text-sep text-sep-comment'>\/<\/span><span class=\"blog-categories minor-meta\">in <a href=\"https:\/\/www.hsef.se\/en\/category\/frontpage-article\/\" rel=\"tag\">Frontpage Article<\/a>, <a href=\"https:\/\/www.hsef.se\/en\/category\/news\/\" rel=\"tag\">News<\/a>, <a href=\"https:\/\/www.hsef.se\/en\/category\/news\/\" rel=\"tag\">News<\/a>, <a href=\"https:\/\/www.hsef.se\/en\/category\/news\/\" rel=\"tag\">News<\/a>, <a href=\"https:\/\/www.hsef.se\/en\/category\/news-2-en\/\" rel=\"tag\">News<\/a>, <a href=\"https:\/\/www.hsef.se\/en\/category\/news\/\" rel=\"tag\">News<\/a>, <a href=\"https:\/\/www.hsef.se\/en\/category\/news\/\" rel=\"tag\">News<\/a> <\/span><span class=\"text-sep text-sep-cat\">\/<\/span><span class=\"blog-author minor-meta\">by <span class=\"entry-author-link\"  itemprop=\"author\" ><span class=\"author\"><span class=\"fn\"><a href=\"https:\/\/www.hsef.se\/en\/author\/admin\/\" title=\"Posts by admin\" rel=\"author\">admin<\/a><\/span><\/span><\/span><\/span><\/span><\/header><div class=\"entry-content\"  itemprop=\"text\" >\n<p><\/p>\n\n\n\n<p>HSEF och ViaEuropa har skrivit p\u00e5 nytt f\u00f6rm\u00e5nligt ramavtal f\u00f6r bredband och TV. \u00d6vergripande information kan ni l\u00e4sa i de bifogade pdf:erna.<br><\/p>\n\n\n\n<p>Tillsammans med ViaEuropa kommer vi att presentera vad det inneb\u00e4r f\u00f6r er f\u00f6rening; hastigheter, TV-utbud, priser, teknisk utrustning och abonnemangsl\u00f6sningar.<\/p>\n\n\n\n<ul class=\"wp-block-list\">\n<li>Tid: Onsdagen den 15 november kl 19:00<\/li>\n\n\n\n<li>Plats: Sickla Kanalgata 17A<\/li>\n<\/ul>\n\n\n\n<p>Om ni vill vara med p\u00e5 informationsm\u00f6tet, skicka er anm\u00e4lan senast <strong>m\u00e5ndag november 13<\/strong> till <a href=\"mailto:hsef@hammarbysjostad.se\">hsef@hammarbysjostad.se<\/a>.<\/p>\n\n\n\n<p>Med v\u00e4nlig h\u00e4lsning,<br>HSEF Styrelse<\/p>\n<\/div><footer class=\"entry-footer\"><\/footer><div class='post_delimiter'><\/div><\/div><div class='post_author_timeline'><\/div><span class='hidden'>\n\t\t\t\t<span class='av-structured-data'  itemprop=\"image\" itemscope=\"itemscope\" itemtype=\"https:\/\/schema.org\/ImageObject\" >\n\t\t\t\t\t\t<span itemprop='url'>https:\/\/www.hsef.se\/wp-content\/uploads\/2021\/05\/IMG_20210504_125815-1.jpg<\/span>\n\t\t\t\t\t\t<span itemprop='height'>736<\/span>\n\t\t\t\t\t\t<span itemprop='width'>1632<\/span>\n\t\t\t\t<\/span>\n\t\t\t\t<span class='av-structured-data'  itemprop=\"publisher\" itemtype=\"https:\/\/schema.org\/Organization\" itemscope=\"itemscope\" >\n\t\t\t\t\t\t<span itemprop='name'>admin<\/span>\n\t\t\t\t\t\t<span itemprop='logo' itemscope itemtype='https:\/\/schema.org\/ImageObject'>\n\t\t\t\t\t\t\t<span itemprop='url'>http:\/\/www.hsef.se\/wp-content\/uploads\/2019\/01\/logo_short2_PA1-e1552514645857.png?_t=1552514758<\/span>\n\t\t\t\t\t\t <\/span>\n\t\t\t\t<\/span><span class='av-structured-data'  itemprop=\"author\" itemscope=\"itemscope\" itemtype=\"https:\/\/schema.org\/Person\" ><span itemprop='name'>admin<\/span><\/span><span class='av-structured-data'  itemprop=\"datePublished\" datetime=\"2023-10-31T21:25:02+01:00\" >2023-10-31 21:25:02<\/span><span class='av-structured-data'  itemprop=\"dateModified\" itemtype=\"https:\/\/schema.org\/dateModified\" >2023-10-31 21:25:04<\/span><span class='av-structured-data'  itemprop=\"mainEntityOfPage\" itemtype=\"https:\/\/schema.org\/mainEntityOfPage\" ><span itemprop='name'>Nytt ramavtal f\u00f6r bredband och TV<\/span><\/span><\/span><\/article><article class='post-entry post-entry-type-standard post-entry-4789 post-loop-2 post-parity-even multi-big with-slider post-4789 post type-post status-publish format-standard has-post-thumbnail hentry category-blog category-frontpage-article category-news-2-en category-uncategorized tag-gruppanslutning-en tag-ramavtal-en tag-telefoni-en tag-triple-play-en tag-tv-en tag-upphandling-en tag-viaeuropa-en'  itemscope=\"itemscope\" itemtype=\"https:\/\/schema.org\/BlogPosting\" ><div class=\"big-preview multi-big\"  itemprop=\"image\" itemscope=\"itemscope\" itemtype=\"https:\/\/schema.org\/ImageObject\" ><a href=\"https:\/\/www.hsef.se\/en\/nytt-ramavtal-for-bredband-och-tv\/\"  title=\"photo\" ><img loading=\"lazy\" decoding=\"async\" width=\"495\" height=\"321\" src=\"https:\/\/www.hsef.se\/wp-content\/uploads\/2015\/07\/photo-495x321.png\" class=\"wp-image-4143 avia-img-lazy-loading-4143 attachment-entry_with_sidebar size-entry_with_sidebar wp-post-image\" alt=\"\" \/><\/a><\/div><div class='blog-meta'><a href='https:\/\/www.hsef.se\/en\/author\/behzad\/' class='post-author-format-type'><span class='rounded-container'><img loading=\"lazy\" decoding=\"async\" alt='Behzad Farmand' src=\"https:\/\/www.hsef.se\/wp-content\/uploads\/avatars\/4\/fda9d2d1f0a951c5c104ca10079cb0a7-bpfull.jpg\" srcset='https:\/\/www.hsef.se\/wp-content\/uploads\/avatars\/4\/fda9d2d1f0a951c5c104ca10079cb0a7-bpfull.jpg 2x' class='avatar avatar-81 photo' height=\"81\" width=\"81\" \/><span class=\"iconfont\" aria-hidden='true' data-av_icon='\ue836' data-av_iconfont='entypo-fontello'><\/span><\/span><\/a><\/div><div class='entry-content-wrapper clearfix standard-content'><header class=\"entry-content-header\"><h2 class='post-title entry-title '  itemprop=\"headline\" >\t<a href='https:\/\/www.hsef.se\/en\/nytt-ramavtal-for-bredband-och-tv\/' rel='bookmark' title='Permanent Link: Nytt ramavtal f\u00f6r bredband och TV'>Nytt ramavtal f\u00f6r bredband och TV\t\t\t<span class='post-format-icon minor-meta'><\/span>\t<\/a><\/h2><span class='post-meta-infos'><time class='date-container minor-meta updated' >2018-09-10<\/time><span class='text-sep text-sep-date'>\/<\/span><span class='comment-container minor-meta'><a href=\"https:\/\/www.hsef.se\/en\/nytt-ramavtal-for-bredband-och-tv\/#respond\" class=\"comments-link\" >0 Comments<\/a><\/span><span class='text-sep text-sep-comment'>\/<\/span><span class=\"blog-categories minor-meta\">in <a href=\"https:\/\/www.hsef.se\/en\/category\/blog\/\" rel=\"tag\">Blog<\/a>, <a href=\"https:\/\/www.hsef.se\/en\/category\/frontpage-article\/\" rel=\"tag\">Frontpage Article<\/a>, <a href=\"https:\/\/www.hsef.se\/en\/category\/news-2-en\/\" rel=\"tag\">News<\/a>, <a href=\"https:\/\/www.hsef.se\/en\/category\/uncategorized\/\" rel=\"tag\">Uncategorized<\/a> <\/span><span class=\"text-sep text-sep-cat\">\/<\/span><span class=\"blog-author minor-meta\">by <span class=\"entry-author-link\"  itemprop=\"author\" ><span class=\"author\"><span class=\"fn\"><a href=\"https:\/\/www.hsef.se\/en\/author\/behzad\/\" title=\"Posts by Behzad Farmand\" rel=\"author\">Behzad Farmand<\/a><\/span><\/span><\/span><\/span><\/span><\/header><div class=\"entry-content\"  itemprop=\"text\" ><p>HSEF arbetar med ett nytt uppl\u00e4gg f\u00f6r bredband. Ett arbete som ska vara klart f\u00f6re \u00e5rskiftet.<\/p>\n<p> <a href=\"https:\/\/www.hsef.se\/en\/nytt-ramavtal-for-bredband-och-tv\/\" class=\"more-link\">Read more<span class=\"more-link-arrow\"><\/span><\/a><\/p>\n<\/div><footer class=\"entry-footer\"><\/footer><div class='post_delimiter'><\/div><\/div><div class='post_author_timeline'><\/div><span class='hidden'>\n\t\t\t\t<span class='av-structured-data'  itemprop=\"image\" itemscope=\"itemscope\" itemtype=\"https:\/\/schema.org\/ImageObject\" >\n\t\t\t\t\t\t<span itemprop='url'>https:\/\/www.hsef.se\/wp-content\/uploads\/2015\/07\/photo.png<\/span>\n\t\t\t\t\t\t<span itemprop='height'>400<\/span>\n\t\t\t\t\t\t<span itemprop='width'>495<\/span>\n\t\t\t\t<\/span>\n\t\t\t\t<span class='av-structured-data'  itemprop=\"publisher\" itemtype=\"https:\/\/schema.org\/Organization\" itemscope=\"itemscope\" >\n\t\t\t\t\t\t<span itemprop='name'>Behzad Farmand<\/span>\n\t\t\t\t\t\t<span itemprop='logo' itemscope itemtype='https:\/\/schema.org\/ImageObject'>\n\t\t\t\t\t\t\t<span itemprop='url'>http:\/\/www.hsef.se\/wp-content\/uploads\/2019\/01\/logo_short2_PA1-e1552514645857.png?_t=1552514758<\/span>\n\t\t\t\t\t\t <\/span>\n\t\t\t\t<\/span><span class='av-structured-data'  itemprop=\"author\" itemscope=\"itemscope\" itemtype=\"https:\/\/schema.org\/Person\" ><span itemprop='name'>Behzad Farmand<\/span><\/span><span class='av-structured-data'  itemprop=\"datePublished\" datetime=\"2018-09-10T20:29:52+01:00\" >2018-09-10 20:29:52<\/span><span class='av-structured-data'  itemprop=\"dateModified\" itemtype=\"https:\/\/schema.org\/dateModified\" >2018-09-10 20:31:44<\/span><span class='av-structured-data'  itemprop=\"mainEntityOfPage\" itemtype=\"https:\/\/schema.org\/mainEntityOfPage\" ><span itemprop='name'>Nytt ramavtal f\u00f6r bredband och TV<\/span><\/span><\/span><\/article><article class='post-entry post-entry-type-standard post-entry-296 post-loop-3 post-parity-odd multi-big with-slider post-296 post type-post status-publish format-standard has-post-thumbnail hentry tag-styrka'  itemscope=\"itemscope\" itemtype=\"https:\/\/schema.org\/BlogPosting\" ><div class=\"big-preview multi-big\"  itemprop=\"image\" itemscope=\"itemscope\" itemtype=\"https:\/\/schema.org\/ImageObject\" ><a href=\"https:\/\/www.hsef.se\/en\/kriesi-at\/\"  title=\"News_3 web\" ><img loading=\"lazy\" decoding=\"async\" width=\"495\" height=\"321\" src=\"https:\/\/www.hsef.se\/wp-content\/uploads\/2015\/07\/News_3-web-495x321.jpg\" class=\"wp-image-4115 avia-img-lazy-loading-4115 attachment-entry_with_sidebar size-entry_with_sidebar wp-post-image\" alt=\"\" \/><\/a><\/div><div class='blog-meta'><a href='https:\/\/www.hsef.se\/en\/author\/admin\/' class='post-author-format-type'><span class='rounded-container'><img loading=\"lazy\" decoding=\"async\" alt='admin' src=\"https:\/\/www.hsef.se\/wp-content\/uploads\/avatars\/1\/f302dfc6adcbb0a714ad254e15ea9adf-bpfull.png\" srcset='https:\/\/www.hsef.se\/wp-content\/uploads\/avatars\/1\/f302dfc6adcbb0a714ad254e15ea9adf-bpfull.png 2x' class='avatar avatar-81 photo' height=\"81\" width=\"81\" \/><span class=\"iconfont\" aria-hidden='true' data-av_icon='\ue836' data-av_iconfont='entypo-fontello'><\/span><\/span><\/a><\/div><div class='entry-content-wrapper clearfix standard-content'><header class=\"entry-content-header\"><h2 class='post-title entry-title '  itemprop=\"headline\" >\t<a href='https:\/\/www.hsef.se\/en\/kriesi-at\/' rel='bookmark' title='Permanent Link: Avtal med Park Inn  &#8211; rabatterat pris p\u00e5 konferensrum'>Avtal med Park Inn  &#8211; rabatterat pris p\u00e5 konferensrum\t\t\t<span class='post-format-icon minor-meta'><\/span>\t<\/a><\/h2><span class='post-meta-infos'><time class='date-container minor-meta updated' >2012-01-17<\/time><span class='text-sep text-sep-date'>\/<\/span><span class='comment-container minor-meta'><a href=\"https:\/\/www.hsef.se\/en\/kriesi-at\/#respond\" class=\"comments-link\" >0 Comments<\/a><\/span><span class='text-sep text-sep-comment'>\/<\/span><span class=\"blog-categories minor-meta\">in  <\/span><span class=\"text-sep text-sep-cat\">\/<\/span><span class=\"blog-author minor-meta\">by <span class=\"entry-author-link\"  itemprop=\"author\" ><span class=\"author\"><span class=\"fn\"><a href=\"https:\/\/www.hsef.se\/en\/author\/admin\/\" title=\"Posts by admin\" rel=\"author\">admin<\/a><\/span><\/span><\/span><\/span><\/span><\/header><div class=\"entry-content\"  itemprop=\"text\" ><p>HSEF har tillsammans med Park Inn tagit fram rabatterat pris p\u00e5 konferensrum.<\/p>\n<p> <a href=\"https:\/\/www.hsef.se\/en\/kriesi-at\/\" class=\"more-link\">Read more<span class=\"more-link-arrow\"><\/span><\/a><\/p>\n<\/div><footer class=\"entry-footer\"><\/footer><div class='post_delimiter'><\/div><\/div><div class='post_author_timeline'><\/div><span class='hidden'>\n\t\t\t\t<span class='av-structured-data'  itemprop=\"image\" itemscope=\"itemscope\" itemtype=\"https:\/\/schema.org\/ImageObject\" >\n\t\t\t\t\t\t<span itemprop='url'>https:\/\/www.hsef.se\/wp-content\/uploads\/2015\/07\/News_3-web.jpg<\/span>\n\t\t\t\t\t\t<span itemprop='height'>400<\/span>\n\t\t\t\t\t\t<span itemprop='width'>495<\/span>\n\t\t\t\t<\/span>\n\t\t\t\t<span class='av-structured-data'  itemprop=\"publisher\" itemtype=\"https:\/\/schema.org\/Organization\" itemscope=\"itemscope\" >\n\t\t\t\t\t\t<span itemprop='name'>admin<\/span>\n\t\t\t\t\t\t<span itemprop='logo' itemscope itemtype='https:\/\/schema.org\/ImageObject'>\n\t\t\t\t\t\t\t<span itemprop='url'>http:\/\/www.hsef.se\/wp-content\/uploads\/2019\/01\/logo_short2_PA1-e1552514645857.png?_t=1552514758<\/span>\n\t\t\t\t\t\t <\/span>\n\t\t\t\t<\/span><span class='av-structured-data'  itemprop=\"author\" itemscope=\"itemscope\" itemtype=\"https:\/\/schema.org\/Person\" ><span itemprop='name'>admin<\/span><\/span><span class='av-structured-data'  itemprop=\"datePublished\" datetime=\"2012-01-17T20:00:25+01:00\" >2012-01-17 20:00:25<\/span><span class='av-structured-data'  itemprop=\"dateModified\" itemtype=\"https:\/\/schema.org\/dateModified\" >2015-08-20 06:25:18<\/span><span class='av-structured-data'  itemprop=\"mainEntityOfPage\" itemtype=\"https:\/\/schema.org\/mainEntityOfPage\" ><span itemprop='name'>Avtal med Park Inn  &#8211; rabatterat pris p\u00e5 konferensrum<\/span><\/span><\/span><\/article><article class='post-entry post-entry-type-standard post-entry-282 post-loop-4 post-parity-even multi-big with-slider post-282 post type-post status-publish format-standard has-post-thumbnail hentry tag-bredband tag-forening tag-gemensamma-avtal tag-hammarbysjostad'  itemscope=\"itemscope\" itemtype=\"https:\/\/schema.org\/BlogPosting\" ><div class=\"big-preview multi-big\"  itemprop=\"image\" itemscope=\"itemscope\" itemtype=\"https:\/\/schema.org\/ImageObject\" ><a href=\"https:\/\/www.hsef.se\/en\/this-is-a-nice-post\/\"  title=\"News_2 web\" ><img loading=\"lazy\" decoding=\"async\" width=\"495\" height=\"321\" src=\"https:\/\/www.hsef.se\/wp-content\/uploads\/2015\/07\/News_2-web-495x321.jpg\" class=\"wp-image-4118 avia-img-lazy-loading-4118 attachment-entry_with_sidebar size-entry_with_sidebar wp-post-image\" alt=\"\" \/><\/a><\/div><div class='blog-meta'><a href='https:\/\/www.hsef.se\/en\/author\/admin\/' class='post-author-format-type'><span class='rounded-container'><img loading=\"lazy\" decoding=\"async\" alt='admin' src=\"https:\/\/www.hsef.se\/wp-content\/uploads\/avatars\/1\/f302dfc6adcbb0a714ad254e15ea9adf-bpfull.png\" srcset='https:\/\/www.hsef.se\/wp-content\/uploads\/avatars\/1\/f302dfc6adcbb0a714ad254e15ea9adf-bpfull.png 2x' class='avatar avatar-81 photo' height=\"81\" width=\"81\" \/><span class=\"iconfont\" aria-hidden='true' data-av_icon='\ue836' data-av_iconfont='entypo-fontello'><\/span><\/span><\/a><\/div><div class='entry-content-wrapper clearfix standard-content'><header class=\"entry-content-header\"><h2 class='post-title entry-title '  itemprop=\"headline\" >\t<a href='https:\/\/www.hsef.se\/en\/this-is-a-nice-post\/' rel='bookmark' title='Permanent Link: Ramavtal med Apartments Lingua'>Ramavtal med Apartments Lingua\t\t\t<span class='post-format-icon minor-meta'><\/span>\t<\/a><\/h2><span class='post-meta-infos'><time class='date-container minor-meta updated' >2012-01-14<\/time><span class='text-sep text-sep-date'>\/<\/span><span class='comment-container minor-meta'><a href=\"https:\/\/www.hsef.se\/en\/this-is-a-nice-post\/#respond\" class=\"comments-link\" >0 Comments<\/a><\/span><span class='text-sep text-sep-comment'>\/<\/span><span class=\"blog-categories minor-meta\">in  <\/span><span class=\"text-sep text-sep-cat\">\/<\/span><span class=\"blog-author minor-meta\">by <span class=\"entry-author-link\"  itemprop=\"author\" ><span class=\"author\"><span class=\"fn\"><a href=\"https:\/\/www.hsef.se\/en\/author\/admin\/\" title=\"Posts by admin\" rel=\"author\">admin<\/a><\/span><\/span><\/span><\/span><\/span><\/header><div class=\"entry-content\"  itemprop=\"text\" ><p>SEF har tecknat avtal med Apartments by Ligua om att hyra l\u00e4genheter f\u00f6r akuta situationer. Vid en vattenskada, en omfattande renovering d\u00e4r det kr\u00e4vs tillf\u00e4llig ers\u00e4ttningsbostad.<\/p>\n<p> <a href=\"https:\/\/www.hsef.se\/en\/this-is-a-nice-post\/\" class=\"more-link\">Read more<span class=\"more-link-arrow\"><\/span><\/a><\/p>\n<\/div><footer class=\"entry-footer\"><\/footer><div class='post_delimiter'><\/div><\/div><div class='post_author_timeline'><\/div><span class='hidden'>\n\t\t\t\t<span class='av-structured-data'  itemprop=\"image\" itemscope=\"itemscope\" itemtype=\"https:\/\/schema.org\/ImageObject\" >\n\t\t\t\t\t\t<span itemprop='url'>https:\/\/www.hsef.se\/wp-content\/uploads\/2015\/07\/News_2-web.jpg<\/span>\n\t\t\t\t\t\t<span itemprop='height'>400<\/span>\n\t\t\t\t\t\t<span itemprop='width'>495<\/span>\n\t\t\t\t<\/span>\n\t\t\t\t<span class='av-structured-data'  itemprop=\"publisher\" itemtype=\"https:\/\/schema.org\/Organization\" itemscope=\"itemscope\" >\n\t\t\t\t\t\t<span itemprop='name'>admin<\/span>\n\t\t\t\t\t\t<span itemprop='logo' itemscope itemtype='https:\/\/schema.org\/ImageObject'>\n\t\t\t\t\t\t\t<span itemprop='url'>http:\/\/www.hsef.se\/wp-content\/uploads\/2019\/01\/logo_short2_PA1-e1552514645857.png?_t=1552514758<\/span>\n\t\t\t\t\t\t <\/span>\n\t\t\t\t<\/span><span class='av-structured-data'  itemprop=\"author\" itemscope=\"itemscope\" itemtype=\"https:\/\/schema.org\/Person\" ><span itemprop='name'>admin<\/span><\/span><span class='av-structured-data'  itemprop=\"datePublished\" datetime=\"2012-01-14T13:13:53+01:00\" >2012-01-14 13:13:53<\/span><span class='av-structured-data'  itemprop=\"dateModified\" itemtype=\"https:\/\/schema.org\/dateModified\" >2015-08-26 06:20:35<\/span><span class='av-structured-data'  itemprop=\"mainEntityOfPage\" itemtype=\"https:\/\/schema.org\/mainEntityOfPage\" ><span itemprop='name'>Ramavtal med Apartments Lingua<\/span><\/span><\/span><\/article><article class='post-entry post-entry-type-gallery post-entry-252 post-loop-5 post-parity-odd post-entry-last multi-big with-slider post-252 post type-post status-publish format-gallery has-post-thumbnail hentry tag-bredband tag-forening tag-hammarbysjostad tag-styrka post_format-post-format-gallery'  itemscope=\"itemscope\" itemtype=\"https:\/\/schema.org\/BlogPosting\" ><div class=\"big-preview multi-big\"  itemprop=\"image\" itemscope=\"itemscope\" itemtype=\"https:\/\/schema.org\/ImageObject\" ><a href=\"https:\/\/www.hsef.se\/en\/aenean-vulputate-eleifend-tellus-aenean-leo-ligula\/\"  title=\"News_1 web\" ><img loading=\"lazy\" decoding=\"async\" width=\"495\" height=\"321\" src=\"https:\/\/www.hsef.se\/wp-content\/uploads\/2015\/07\/News_1-web-495x321.jpg\" class=\"wp-image-4116 avia-img-lazy-loading-4116 attachment-entry_with_sidebar size-entry_with_sidebar wp-post-image\" alt=\"\" \/><\/a><\/div><div class='blog-meta'><a href='https:\/\/www.hsef.se\/en\/type\/gallery\/' class='post-author-format-type'><span class='rounded-container'><span class=\"iconfont\" aria-hidden='true' data-av_icon='\ue80e' data-av_iconfont='entypo-fontello'><\/span><\/span><\/a><\/div><div class='entry-content-wrapper clearfix gallery-content'><header class=\"entry-content-header\"><h2 class='post-title entry-title '  itemprop=\"headline\" >\t<a href='https:\/\/www.hsef.se\/en\/aenean-vulputate-eleifend-tellus-aenean-leo-ligula\/' rel='bookmark' title='Permanent Link: Lanserad webbplats'>Lanserad webbplats\t\t\t<span class='post-format-icon minor-meta'><\/span>\t<\/a><\/h2><span class='post-meta-infos'><time class='date-container minor-meta updated' >2011-02-17<\/time><span class='text-sep text-sep-date'>\/<\/span><span class='comment-container minor-meta'><a href=\"https:\/\/www.hsef.se\/en\/aenean-vulputate-eleifend-tellus-aenean-leo-ligula\/#respond\" class=\"comments-link\" >0 Comments<\/a><\/span><span class='text-sep text-sep-comment'>\/<\/span><span class=\"blog-categories minor-meta\">in  <\/span><span class=\"text-sep text-sep-cat\">\/<\/span><span class=\"blog-author minor-meta\">by <span class=\"entry-author-link\"  itemprop=\"author\" ><span class=\"author\"><span class=\"fn\"><a href=\"https:\/\/www.hsef.se\/en\/author\/admin\/\" title=\"Posts by admin\" rel=\"author\">admin<\/a><\/span><\/span><\/span><\/span><\/span><\/header><div class=\"entry-content\"  itemprop=\"text\" ><p>Nu har vi f\u00e5tt en ny webbplats d\u00e4r vi som f\u00f6rening p\u00e5 ett smidigt s\u00e4tt kan uppdatera och informera.<\/p>\n<p> <a href=\"https:\/\/www.hsef.se\/en\/aenean-vulputate-eleifend-tellus-aenean-leo-ligula\/\" class=\"more-link\">Read more<span class=\"more-link-arrow\"><\/span><\/a><\/p>\n<\/div><footer class=\"entry-footer\"><\/footer><div class='post_delimiter'><\/div><\/div><div class='post_author_timeline'><\/div><span class='hidden'>\n\t\t\t\t<span class='av-structured-data'  itemprop=\"image\" itemscope=\"itemscope\" itemtype=\"https:\/\/schema.org\/ImageObject\" >\n\t\t\t\t\t\t<span itemprop='url'>https:\/\/www.hsef.se\/wp-content\/uploads\/2015\/07\/News_1-web.jpg<\/span>\n\t\t\t\t\t\t<span itemprop='height'>400<\/span>\n\t\t\t\t\t\t<span itemprop='width'>495<\/span>\n\t\t\t\t<\/span>\n\t\t\t\t<span class='av-structured-data'  itemprop=\"publisher\" itemtype=\"https:\/\/schema.org\/Organization\" itemscope=\"itemscope\" >\n\t\t\t\t\t\t<span itemprop='name'>admin<\/span>\n\t\t\t\t\t\t<span itemprop='logo' itemscope itemtype='https:\/\/schema.org\/ImageObject'>\n\t\t\t\t\t\t\t<span itemprop='url'>http:\/\/www.hsef.se\/wp-content\/uploads\/2019\/01\/logo_short2_PA1-e1552514645857.png?_t=1552514758<\/span>\n\t\t\t\t\t\t <\/span>\n\t\t\t\t<\/span><span class='av-structured-data'  itemprop=\"author\" itemscope=\"itemscope\" itemtype=\"https:\/\/schema.org\/Person\" ><span itemprop='name'>admin<\/span><\/span><span class='av-structured-data'  itemprop=\"datePublished\" datetime=\"2011-02-17T21:11:58+01:00\" >2011-02-17 21:11:58<\/span><span class='av-structured-data'  itemprop=\"dateModified\" itemtype=\"https:\/\/schema.org\/dateModified\" >2015-08-26 06:20:43<\/span><span class='av-structured-data'  itemprop=\"mainEntityOfPage\" itemtype=\"https:\/\/schema.org\/mainEntityOfPage\" ><span itemprop='name'>Lanserad webbplats<\/span><\/span><\/span><\/article><div class='multi-big'><\/div><\/div>\n","protected":false},"excerpt":{"rendered":"","protected":false},"author":1,"featured_media":0,"parent":0,"menu_order":5,"comment_status":"open","ping_status":"closed","template":"","meta":{"_bbp_topic_count":0,"_bbp_reply_count":0,"_bbp_total_topic_count":0,"_bbp_total_reply_count":0,"_bbp_voice_count":0,"_bbp_anonymous_reply_count":0,"_bbp_topic_count_hidden":0,"_bbp_reply_count_hidden":0,"_bbp_forum_subforum_count":0,"footnotes":""},"class_list":["post-1336","page","type-page","status-publish","hentry"],"_links":{"self":[{"href":"https:\/\/www.hsef.se\/en\/wp-json\/wp\/v2\/pages\/1336","targetHints":{"allow":["GET"]}}],"collection":[{"href":"https:\/\/www.hsef.se\/en\/wp-json\/wp\/v2\/pages"}],"about":[{"href":"https:\/\/www.hsef.se\/en\/wp-json\/wp\/v2\/types\/page"}],"author":[{"embeddable":true,"href":"https:\/\/www.hsef.se\/en\/wp-json\/wp\/v2\/users\/1"}],"replies":[{"embeddable":true,"href":"https:\/\/www.hsef.se\/en\/wp-json\/wp\/v2\/comments?post=1336"}],"version-history":[{"count":6,"href":"https:\/\/www.hsef.se\/en\/wp-json\/wp\/v2\/pages\/1336\/revisions"}],"predecessor-version":[{"id":4951,"href":"https:\/\/www.hsef.se\/en\/wp-json\/wp\/v2\/pages\/1336\/revisions\/4951"}],"wp:attachment":[{"href":"https:\/\/www.hsef.se\/en\/wp-json\/wp\/v2\/media?parent=1336"}],"curies":[{"name":"wp","href":"https:\/\/api.w.org\/{rel}","templated":true}]}}